{"id":1338,"date":"2022-02-01T14:51:02","date_gmt":"2022-02-01T13:51:02","guid":{"rendered":"http:\/\/www.tcchevalblanc.be\/?page_id=1338"},"modified":"2023-02-08T20:16:52","modified_gmt":"2023-02-08T19:16:52","slug":"devenir-membre","status":"publish","type":"page","link":"https:\/\/www.tcchevalblanc.be\/?page_id=1338","title":{"rendered":"Devenir membre"},"content":{"rendered":"\n<p><strong>Comment rejoindre le club ?<\/strong><\/p>\n\n\n\n<p>Pour devenir membre de l&rsquo;association Tennis Club du Cheval Blanc, il faut introduire une demande par mail \u00e0 secretairetccb@gmail.com. Les coordonn\u00e9es compl\u00e8tes de la personne (ou de l&rsquo;un de ses parents dans le cas d&rsquo;un mineur d&rsquo;\u00e2ge) doivent y \u00eatre communiqu\u00e9es (nom, pr\u00e9nom, date de naissance, adresse, mail, t\u00e9l\u00e9phone). Le cas \u00e9ch\u00e9ant, il faut \u00e9galement mentionner que le\/la candidat(e) est d\u00e9j\u00e0 <a href=\"https:\/\/www.aftnet.be\/JOUEURS\/Affiliation\">affili\u00e9(e) \u00e0 l&rsquo;AFT<\/a> et communiquer son num\u00e9ro d&rsquo;affiliation. <\/p>\n\n\n\n<p>Les demandes d&rsquo;admissions peuvent \u00eatre introduites \u00e0 n&rsquo;importe quel moment. Elles sont valid\u00e9es par le <a href=\"http:\/\/www.tcchevalblanc.be\/?page_id=24\">Comit\u00e9<\/a> et ne deviennent effectives qu&rsquo;apr\u00e8s paiement de la <a href=\"http:\/\/www.tcchevalblanc.be\/?page_id=34\">cotisation annuelle<\/a>.<br><br>En ce qui concerne les membres d&rsquo;un autre club ayant particip\u00e9 aux interclubs, la p\u00e9riode de transfert vers un autre club a \u00e9t\u00e9 fix\u00e9e par l&rsquo;AFT du 15 d\u00e9cembre au 15 janvier. Pass\u00e9 cette date, le joueur en question pourra devenir membre du Cheval Blanc mais il ne pourra pas participer aux interclubs jusqu&rsquo;\u00e0 la fin de la saison.<\/p>\n\n\n\n<p><strong>Et si jamais vous vouliez quitter le club ?<\/strong><\/p>\n\n\n\n<p>Les membres sont libres de quitter l&rsquo;association a tout moment, en pr\u00e9sentant leur d\u00e9mission par mail \u00e0 secretaire.tccb@gmail.com. Pour des raisons pratiques, il est demand\u00e9 \u00e0 ceux qui ne souhaitent pas renouveler leur abonnement de pr\u00e9senter leur d\u00e9mission au plus tard le 31\/03, date qui correspond \u00e0 l&rsquo;\u00e9ch\u00e9ance de la validit\u00e9 de la carte d&rsquo;affiliation \u00e0 l&rsquo;AFT dans son nouveau club.<br><\/p>\n","protected":false},"excerpt":{"rendered":"<p>Comment rejoindre le club ? Pour devenir membre de l&rsquo;association Tennis Club du Cheval Blanc, il faut introduire une demande par mail \u00e0 secretairetccb@gmail.com. Les coordonn\u00e9es compl\u00e8tes de la personne (ou de l&rsquo;un de ses parents dans le cas d&rsquo;un mineur d&rsquo;\u00e2ge) doivent y \u00eatre communiqu\u00e9es (nom, pr\u00e9nom, date de naissance, adresse, mail, t\u00e9l\u00e9phone). Le &hellip; <a href=\"https:\/\/www.tcchevalblanc.be\/?page_id=1338\" class=\"more-link\">Continuer la lecture de <span class=\"screen-reader-text\">Devenir membre<\/span>  <span class=\"meta-nav\">&rarr;<\/span><\/a><\/p>\n","protected":false},"author":2,"featured_media":0,"parent":0,"menu_order":0,"comment_status":"closed","ping_status":"open","template":"","meta":{"footnotes":""},"class_list":["post-1338","page","type-page","status-publish","hentry"],"_links":{"self":[{"href":"https:\/\/www.tcchevalblanc.be\/index.php?rest_route=\/wp\/v2\/pages\/1338","targetHints":{"allow":["GET"]}}],"collection":[{"href":"https:\/\/www.tcchevalblanc.be\/index.php?rest_route=\/wp\/v2\/pages"}],"about":[{"href":"https:\/\/www.tcchevalblanc.be\/index.php?rest_route=\/wp\/v2\/types\/page"}],"author":[{"embeddable":true,"href":"https:\/\/www.tcchevalblanc.be\/index.php?rest_route=\/wp\/v2\/users\/2"}],"replies":[{"embeddable":true,"href":"https:\/\/www.tcchevalblanc.be\/index.php?rest_route=%2Fwp%2Fv2%2Fcomments&post=1338"}],"version-history":[{"count":24,"href":"https:\/\/www.tcchevalblanc.be\/index.php?rest_route=\/wp\/v2\/pages\/1338\/revisions"}],"predecessor-version":[{"id":1778,"href":"https:\/\/www.tcchevalblanc.be\/index.php?rest_route=\/wp\/v2\/pages\/1338\/revisions\/1778"}],"wp:attachment":[{"href":"https:\/\/www.tcchevalblanc.be\/index.php?rest_route=%2Fwp%2Fv2%2Fmedia&parent=1338"}],"curies":[{"name":"wp","href":"https:\/\/api.w.org\/{rel}","templated":true}]}}