{"id":1387,"date":"2022-03-17T14:39:19","date_gmt":"2022-03-17T13:39:19","guid":{"rendered":"http:\/\/www.tcchevalblanc.be\/?page_id=1387"},"modified":"2022-03-18T11:06:14","modified_gmt":"2022-03-18T10:06:14","slug":"mon-club-aft","status":"publish","type":"page","link":"https:\/\/www.tcchevalblanc.be\/?page_id=1387","title":{"rendered":"Mon club AFT"},"content":{"rendered":"\n<p><strong>Mon club AFT<\/strong> est la nouvelle application mise \u00e0 disposition gratuitement par l&rsquo;AFT pour la gestion des clubs de tennis. <\/p>\n\n\n\n<div class=\"wp-block-image\"><figure class=\"aligncenter\"><img loading=\"lazy\" decoding=\"async\" width=\"318\" height=\"159\" src=\"http:\/\/www.tcchevalblanc.be\/wp-content\/uploads\/2022\/03\/image-9.png\" alt=\"\" class=\"wp-image-1419\" srcset=\"https:\/\/www.tcchevalblanc.be\/wp-content\/uploads\/2022\/03\/image-9.png 318w, https:\/\/www.tcchevalblanc.be\/wp-content\/uploads\/2022\/03\/image-9-300x150.png 300w\" sizes=\"auto, (max-width: 318px) 100vw, 318px\" \/><figcaption><a href=\"https:\/\/aft.iclub.be\/loginmembres.asp\">https:\/\/aft.iclub.be\/loginmembres.asp<\/a><\/figcaption><\/figure><\/div>\n\n\n\n<p>Directement reli\u00e9e aux donn\u00e9es de l&rsquo;AFT, cette application permet aux clubs de g\u00e9rer efficacement les affiliations de leurs membres et suivre le payement de leurs <a href=\"http:\/\/www.tcchevalblanc.be\/?page_id=34\">cotisations<\/a>. <\/p>\n\n\n\n<p><strong>Remarque importante : <\/strong>Pour <a href=\"http:\/\/www.tcchevalblanc.be\/?page_id=1413\">se connecter<\/a> \u00e0 Mon club AFT, il faut <strong>d&rsquo;abord imp\u00e9rativement<\/strong> <a href=\"http:\/\/www.tcchevalblanc.be\/?page_id=1435\">configurer un profil utilisateur<\/a>.  <\/p>\n\n\n\n<p>Les membres peuvent quant \u00e0 eux <a href=\"http:\/\/www.tcchevalblanc.be\/?page_id=1410\">r\u00e9server des terrains<\/a> en ligne et adapter leurs donn\u00e9es personnelles et pr\u00e9f\u00e9rences.<\/p>\n\n\n\n<p>Cette application offre \u00e9galement un nouveau canal de communication entre les membres et leur club.<\/p>\n","protected":false},"excerpt":{"rendered":"<p>Mon club AFT est la nouvelle application mise \u00e0 disposition gratuitement par l&rsquo;AFT pour la gestion des clubs de tennis. Directement reli\u00e9e aux donn\u00e9es de l&rsquo;AFT, cette application permet aux clubs de g\u00e9rer efficacement les affiliations de leurs membres et suivre le payement de leurs cotisations. Remarque importante : Pour se connecter \u00e0 Mon club &hellip; <a href=\"https:\/\/www.tcchevalblanc.be\/?page_id=1387\" class=\"more-link\">Continuer la lecture de <span class=\"screen-reader-text\">Mon club AFT<\/span>  <span class=\"meta-nav\">&rarr;<\/span><\/a><\/p>\n","protected":false},"author":2,"featured_media":0,"parent":0,"menu_order":0,"comment_status":"closed","ping_status":"open","template":"","meta":{"footnotes":""},"class_list":["post-1387","page","type-page","status-publish","hentry"],"_links":{"self":[{"href":"https:\/\/www.tcchevalblanc.be\/index.php?rest_route=\/wp\/v2\/pages\/1387","targetHints":{"allow":["GET"]}}],"collection":[{"href":"https:\/\/www.tcchevalblanc.be\/index.php?rest_route=\/wp\/v2\/pages"}],"about":[{"href":"https:\/\/www.tcchevalblanc.be\/index.php?rest_route=\/wp\/v2\/types\/page"}],"author":[{"embeddable":true,"href":"https:\/\/www.tcchevalblanc.be\/index.php?rest_route=\/wp\/v2\/users\/2"}],"replies":[{"embeddable":true,"href":"https:\/\/www.tcchevalblanc.be\/index.php?rest_route=%2Fwp%2Fv2%2Fcomments&post=1387"}],"version-history":[{"count":20,"href":"https:\/\/www.tcchevalblanc.be\/index.php?rest_route=\/wp\/v2\/pages\/1387\/revisions"}],"predecessor-version":[{"id":1493,"href":"https:\/\/www.tcchevalblanc.be\/index.php?rest_route=\/wp\/v2\/pages\/1387\/revisions\/1493"}],"wp:attachment":[{"href":"https:\/\/www.tcchevalblanc.be\/index.php?rest_route=%2Fwp%2Fv2%2Fmedia&parent=1387"}],"curies":[{"name":"wp","href":"https:\/\/api.w.org\/{rel}","templated":true}]}}