{"id":1413,"date":"2022-03-17T15:29:35","date_gmt":"2022-03-17T14:29:35","guid":{"rendered":"http:\/\/www.tcchevalblanc.be\/?page_id=1413"},"modified":"2022-03-17T16:32:27","modified_gmt":"2022-03-17T15:32:27","slug":"se-connecter","status":"publish","type":"page","link":"https:\/\/www.tcchevalblanc.be\/?page_id=1413","title":{"rendered":"Se connecter"},"content":{"rendered":"\n<p>Rendez-vous sur la page d&rsquo;accueil de <a href=\"https:\/\/aft.iclub.be\/loginmembres.asp\">Mon club AFT<\/a> et s\u00e9lectionnez \u00ab\u00a0T.C. CHEVAL BLANC\u00a0\u00bb dans la longue liste d\u00e9roulante des clubs. <br><br>Ensuite, cliquez sur \u00ab\u00a0CONTINUER\u00a0\u00bb.<br><\/p>\n\n\n\n<div class=\"wp-block-image\"><figure class=\"aligncenter is-resized\"><img loading=\"lazy\" decoding=\"async\" src=\"http:\/\/www.tcchevalblanc.be\/wp-content\/uploads\/2022\/03\/image-4.png\" alt=\"\" class=\"wp-image-1391\" width=\"264\" height=\"244\" srcset=\"https:\/\/www.tcchevalblanc.be\/wp-content\/uploads\/2022\/03\/image-4.png 427w, https:\/\/www.tcchevalblanc.be\/wp-content\/uploads\/2022\/03\/image-4-300x277.png 300w\" sizes=\"auto, (max-width: 264px) 100vw, 264px\" \/><\/figure><\/div>\n\n\n\n<p><\/p>\n\n\n\n<p>Si votre profil utilisateur est d\u00e9j\u00e0 configur\u00e9, il vous suffit d&rsquo;encoder votre identifiant et votre mot de passe et de cliquer sur \u00ab\u00a0CONNEXION\u00a0\u00bb. Dans le cas contraire, veuillez consulter notre page <a href=\"http:\/\/www.tcchevalblanc.be\/?page_id=1435\">Configurer un profil utilisateur<\/a>. <\/p>\n\n\n\n<figure class=\"wp-block-image\"><img loading=\"lazy\" decoding=\"async\" width=\"911\" height=\"579\" src=\"http:\/\/www.tcchevalblanc.be\/wp-content\/uploads\/2022\/03\/image-10.png\" alt=\"\" class=\"wp-image-1427\" srcset=\"https:\/\/www.tcchevalblanc.be\/wp-content\/uploads\/2022\/03\/image-10.png 911w, https:\/\/www.tcchevalblanc.be\/wp-content\/uploads\/2022\/03\/image-10-300x191.png 300w, https:\/\/www.tcchevalblanc.be\/wp-content\/uploads\/2022\/03\/image-10-768x488.png 768w\" sizes=\"auto, (max-width: 911px) 100vw, 911px\" \/><figcaption>ATTENTION : Ne cliquez pas sur \u00ab\u00a0CREER UN COMPTE\u00a0\u00bb car vous risqueriez de cr\u00e9er involontairement un doublon dans les donn\u00e9es de l&rsquo;AFT.   <\/figcaption><\/figure>\n\n\n\n<p><\/p>\n\n\n\n<p>Vous arrivez sur la page d&rsquo;accueil de Mon Club AFT \u00e0 partir de laquelle vous pouvez initier les diff\u00e9rentes fonctionnalit\u00e9s offertes par l&rsquo;application comme <a href=\"http:\/\/www.tcchevalblanc.be\/?page_id=1410\">r\u00e9server des terrains<\/a>.  <\/p>\n\n\n\n<figure class=\"wp-block-image\"><img loading=\"lazy\" decoding=\"async\" width=\"1024\" height=\"440\" src=\"http:\/\/www.tcchevalblanc.be\/wp-content\/uploads\/2022\/03\/image-11-1024x440.png\" alt=\"\" class=\"wp-image-1430\" srcset=\"https:\/\/www.tcchevalblanc.be\/wp-content\/uploads\/2022\/03\/image-11-1024x440.png 1024w, https:\/\/www.tcchevalblanc.be\/wp-content\/uploads\/2022\/03\/image-11-300x129.png 300w, https:\/\/www.tcchevalblanc.be\/wp-content\/uploads\/2022\/03\/image-11-768x330.png 768w, https:\/\/www.tcchevalblanc.be\/wp-content\/uploads\/2022\/03\/image-11.png 1076w\" sizes=\"auto, (max-width: 1024px) 100vw, 1024px\" \/><\/figure>\n\n\n\n<p><\/p>\n\n\n\n<p>Si vous avez des questions, envoyez-nous un message. Nous y r\u00e9pondrons dans les meilleurs d\u00e9lais en fonction de nos disponibilit\u00e9s.<\/p>\n","protected":false},"excerpt":{"rendered":"<p>Rendez-vous sur la page d&rsquo;accueil de Mon club AFT et s\u00e9lectionnez \u00ab\u00a0T.C. CHEVAL BLANC\u00a0\u00bb dans la longue liste d\u00e9roulante des clubs. Ensuite, cliquez sur \u00ab\u00a0CONTINUER\u00a0\u00bb. Si votre profil utilisateur est d\u00e9j\u00e0 configur\u00e9, il vous suffit d&rsquo;encoder votre identifiant et votre mot de passe et de cliquer sur \u00ab\u00a0CONNEXION\u00a0\u00bb. Dans le cas contraire, veuillez consulter notre &hellip; <a href=\"https:\/\/www.tcchevalblanc.be\/?page_id=1413\" class=\"more-link\">Continuer la lecture de <span class=\"screen-reader-text\">Se connecter<\/span>  <span class=\"meta-nav\">&rarr;<\/span><\/a><\/p>\n","protected":false},"author":2,"featured_media":0,"parent":0,"menu_order":0,"comment_status":"closed","ping_status":"open","template":"","meta":{"footnotes":""},"class_list":["post-1413","page","type-page","status-publish","hentry"],"_links":{"self":[{"href":"https:\/\/www.tcchevalblanc.be\/index.php?rest_route=\/wp\/v2\/pages\/1413","targetHints":{"allow":["GET"]}}],"collection":[{"href":"https:\/\/www.tcchevalblanc.be\/index.php?rest_route=\/wp\/v2\/pages"}],"about":[{"href":"https:\/\/www.tcchevalblanc.be\/index.php?rest_route=\/wp\/v2\/types\/page"}],"author":[{"embeddable":true,"href":"https:\/\/www.tcchevalblanc.be\/index.php?rest_route=\/wp\/v2\/users\/2"}],"replies":[{"embeddable":true,"href":"https:\/\/www.tcchevalblanc.be\/index.php?rest_route=%2Fwp%2Fv2%2Fcomments&post=1413"}],"version-history":[{"count":14,"href":"https:\/\/www.tcchevalblanc.be\/index.php?rest_route=\/wp\/v2\/pages\/1413\/revisions"}],"predecessor-version":[{"id":1448,"href":"https:\/\/www.tcchevalblanc.be\/index.php?rest_route=\/wp\/v2\/pages\/1413\/revisions\/1448"}],"wp:attachment":[{"href":"https:\/\/www.tcchevalblanc.be\/index.php?rest_route=%2Fwp%2Fv2%2Fmedia&parent=1413"}],"curies":[{"name":"wp","href":"https:\/\/api.w.org\/{rel}","templated":true}]}}