{"id":34,"date":"2014-05-20T12:14:53","date_gmt":"2014-05-20T11:14:53","guid":{"rendered":"http:\/\/www.tcchevalblanc.be?page_id=34"},"modified":"2025-12-12T12:46:46","modified_gmt":"2025-12-12T11:46:46","slug":"cotisations-2014","status":"publish","type":"page","link":"https:\/\/www.tcchevalblanc.be\/?page_id=34","title":{"rendered":"Cotisations 2026"},"content":{"rendered":"\n<div class=\"wp-block-group\"><div class=\"wp-block-group__inner-container is-layout-constrained wp-block-group-is-layout-constrained\">\n<div style=\"color: #dd8d00;\"><strong>Les cotisations de 2026 sont fix\u00e9es comme suit :<\/strong><\/div>\n<div style=\"color: #dd8d00;\">\n<table style=\"height: 1064px;\" width=\"537\">\n<tbody>\n<tr>\n<td rowspan=\"2\" width=\"192\">\n<p><span style=\"color: #000000;\"><strong>CATEGORIES<\/strong><\/span><\/p>\n<\/td>\n<td colspan=\"2\" width=\"298\">\n<p><span style=\"color: #000000;\"><strong>MONTANTS A PAYER<\/strong><\/span><\/p>\n<\/td>\n<\/tr>\n<tr>\n<td>\n<p><span style=\"color: #000000;\"><strong>avant le 15\/04\/2026<\/strong><\/span><\/p>\n<\/td>\n<td>\n<p><span style=\"color: #000000;\"><strong>apr\u00e8s le 15\/04\/2026<\/strong><\/span><\/p>\n<\/td>\n<\/tr>\n<tr>\n<td>\n<p><strong><span style=\"color: #000000;\">Adulte<br \/><\/span><\/strong><span style=\"color: #000000;\">(\u00e2g\u00e9 de 25 ans ou plus dans le courant de l&rsquo;ann\u00e9e 2026)<\/span><\/p>\n<\/td>\n<td>\n<p><span style=\"color: #000000;\">210 \u20ac<\/span><\/p>\n<\/td>\n<td>\n<p><span style=\"color: #000000;\">\u00a0255 \u20ac<\/span><\/p>\n<\/td>\n<\/tr>\n<tr>\n<td>\n<p><strong><span style=\"color: #000000;\">\u00a0Couple<br \/><\/span><\/strong><span style=\"color: #000000;\">(2 adultes habitant sous le m\u00eame toit)<\/span><\/p>\n<\/td>\n<td>\n<p><span style=\"color: #000000;\">395 \u20ac<\/span><\/p>\n<\/td>\n<td>\n<p><span style=\"color: #000000;\">480 \u20ac<\/span><\/p>\n<\/td>\n<\/tr>\n<tr>\n<td>\n<p><span style=\"color: #000000;\"><strong>Jeune adulte<\/strong><br \/>\u00a0(\u00e2g\u00e9 de 18 \u00e0 24 ans dans le courant de l&rsquo;ann\u00e9e 2026)<\/span><\/p>\n<\/td>\n<td>\n<p><span style=\"color: #000000;\">120 \u20ac<\/span><\/p>\n<\/td>\n<td>\n<p><span style=\"color: #000000;\">155\u20ac<\/span><\/p>\n<\/td>\n<\/tr>\n<tr>\n<td>\n<p><span style=\"color: #000000;\"><strong>Jeune<\/strong> <br \/>(\u00e2g\u00e9 de 10 \u00e0 17 ans dans le courant de l&rsquo;ann\u00e9e 2026)<\/span><\/p>\n<\/td>\n<td>\n<p><span style=\"color: #000000;\">110 \u20ac<\/span><\/p>\n<\/td>\n<td>\n<p><span style=\"color: #000000;\">145 \u20ac<\/span><\/p>\n<\/td>\n<\/tr>\n<tr>\n<td>\n<p><span style=\"color: #000000;\"><strong>Enfant\u00a0<\/strong><br \/>(\u00e2g\u00e9 de 8 ou 9 ans dans le courant de l&rsquo;ann\u00e9e 2026)<\/span><\/p>\n<\/td>\n<td>\n<p><span style=\"color: #000000;\">65 \u20ac<\/span><\/p>\n<\/td>\n<td>\n<p><span style=\"color: #000000;\">95 \u20ac<\/span><\/p>\n<\/td>\n<\/tr>\n<tr>\n<td>\n<p><span style=\"color: #000000;\"><strong>Jeune enfant<\/strong><br \/>(\u00e2g\u00e9 de moins de 8 ans dans le courant de l&rsquo;ann\u00e9e 2026)<\/span><\/p>\n<\/td>\n<td>\n<p><span style=\"color: #000000;\">0 \u20ac<\/span><\/p>\n<\/td>\n<td>\n<p><span style=\"color: #000000;\">0 \u20ac<\/span><\/p>\n<\/td>\n<\/tr>\n<tr>\n<td>\n<p><span style=\"color: #000000;\"><strong>Familiale<\/strong> <br \/>(2 adulte(s) avec 1 ou 2 enfant(s)\/jeune(s) habitant sous le m\u00eame toit)<\/span><\/p>\n<p><span style=\"color: #000000;\">Enfant\/jeune suppl\u00e9mentaire<\/span><\/p>\n<\/td>\n<td>\n<p><span style=\"color: #000000;\">490 \u20ac<\/span><\/p>\n<p>\u00a0<\/p>\n<p>25 \u20ac<\/p>\n<\/td>\n<td>\n<p><span style=\"color: #000000;\">550 \u20ac<\/span><\/p>\n<p>\u00a0<\/p>\n<p>30 \u20ac<\/p>\n<\/td>\n<\/tr>\n<tr>\n<td>\n<p><span style=\"color: #000000;\"><strong>Country member<\/strong> <br \/>(Membre d&rsquo;un autre club de tennis et habitant sous le m\u00eame toit qu&rsquo;un membre adulte du TCCB)<\/span><\/p>\n<\/td>\n<td>\n<p><span style=\"color: #000000;\">85 \u20ac<\/span><\/p>\n<\/td>\n<td>\n<p><span style=\"color: #000000;\">90 \u20ac<\/span><\/p>\n<\/td>\n<\/tr>\n<\/tbody>\n<\/table>\n<\/div>\n<div style=\"color: #dd8d00;\">\n<p><b>Attention : aucune d\u00e9rogation ne sera accord\u00e9e en cas de d\u00e9passement de la date du 15 avril 2026<\/b><\/p>\n<p><span style=\"color: #808080;\">Les sommes sont \u00e0 verser sur le compte<\/span><br \/><span style=\"color: #808080;\"> BE67 7765 9942 9987<\/span><br \/><span style=\"color: #808080;\"> Tennis club du Cheval blanc<\/span><br \/><span style=\"color: #808080;\"> c\/o JP jacquemin, Martinval, 2 4801 STEMBERT<\/span><\/p>\n<p><span style=\"color: #808080;\">En remarque veuillez ajouter les noms et pr\u00e9noms des membres pour qui vous payez la cotisation.<\/span><\/p>\n<\/div>\n<\/div><\/div>\n","protected":false},"excerpt":{"rendered":"<p>Les cotisations de 2026 sont fix\u00e9es comme suit : CATEGORIES MONTANTS A PAYER avant le 15\/04\/2026 apr\u00e8s le 15\/04\/2026 Adulte(\u00e2g\u00e9 de 25 ans ou plus dans le courant de l&rsquo;ann\u00e9e 2026) 210 \u20ac \u00a0255 \u20ac \u00a0Couple(2 adultes habitant sous le m\u00eame toit) 395 \u20ac 480 \u20ac Jeune adulte\u00a0(\u00e2g\u00e9 de 18 \u00e0 24 ans dans le &hellip; <a href=\"https:\/\/www.tcchevalblanc.be\/?page_id=34\" class=\"more-link\">Continuer la lecture de <span class=\"screen-reader-text\">Cotisations 2026<\/span>  <span class=\"meta-nav\">&rarr;<\/span><\/a><\/p>\n","protected":false},"author":2,"featured_media":0,"parent":0,"menu_order":0,"comment_status":"closed","ping_status":"open","template":"","meta":{"footnotes":""},"class_list":["post-34","page","type-page","status-publish","hentry"],"_links":{"self":[{"href":"https:\/\/www.tcchevalblanc.be\/index.php?rest_route=\/wp\/v2\/pages\/34","targetHints":{"allow":["GET"]}}],"collection":[{"href":"https:\/\/www.tcchevalblanc.be\/index.php?rest_route=\/wp\/v2\/pages"}],"about":[{"href":"https:\/\/www.tcchevalblanc.be\/index.php?rest_route=\/wp\/v2\/types\/page"}],"author":[{"embeddable":true,"href":"https:\/\/www.tcchevalblanc.be\/index.php?rest_route=\/wp\/v2\/users\/2"}],"replies":[{"embeddable":true,"href":"https:\/\/www.tcchevalblanc.be\/index.php?rest_route=%2Fwp%2Fv2%2Fcomments&post=34"}],"version-history":[{"count":53,"href":"https:\/\/www.tcchevalblanc.be\/index.php?rest_route=\/wp\/v2\/pages\/34\/revisions"}],"predecessor-version":[{"id":1979,"href":"https:\/\/www.tcchevalblanc.be\/index.php?rest_route=\/wp\/v2\/pages\/34\/revisions\/1979"}],"wp:attachment":[{"href":"https:\/\/www.tcchevalblanc.be\/index.php?rest_route=%2Fwp%2Fv2%2Fmedia&parent=34"}],"curies":[{"name":"wp","href":"https:\/\/api.w.org\/{rel}","templated":true}]}}