{"id":391,"date":"2015-02-24T20:28:08","date_gmt":"2015-02-24T19:28:08","guid":{"rendered":"http:\/\/www.tcchevalblanc.be?page_id=391"},"modified":"2022-08-03T11:27:44","modified_gmt":"2022-08-03T10:27:44","slug":"cours-de-tennis-saison-printemps-2015","status":"publish","type":"page","link":"https:\/\/www.tcchevalblanc.be\/?page_id=391","title":{"rendered":"Ecole de tennis"},"content":{"rendered":"\n<h3 class=\"has-text-align-center wp-block-heading\"><a href=\"http:\/\/www.tcchevalblanc.be\/wp-content\/uploads\/2022\/08\/Ecole-de-tennis.jpg\"><img loading=\"lazy\" decoding=\"async\" class=\"alignnone size-medium wp-image-1713\" src=\"http:\/\/www.tcchevalblanc.be\/wp-content\/uploads\/2022\/08\/Ecole-de-tennis-300x225.jpg\" alt=\"\" width=\"300\" height=\"225\" srcset=\"https:\/\/www.tcchevalblanc.be\/wp-content\/uploads\/2022\/08\/Ecole-de-tennis-300x225.jpg 300w, https:\/\/www.tcchevalblanc.be\/wp-content\/uploads\/2022\/08\/Ecole-de-tennis-768x576.jpg 768w, https:\/\/www.tcchevalblanc.be\/wp-content\/uploads\/2022\/08\/Ecole-de-tennis.jpg 960w\" sizes=\"auto, (max-width: 300px) 100vw, 300px\" \/><\/a><\/h3>\n\n\n\n<h3 class=\"wp-block-heading\">Le Tennis Club du Cheval Blanc dispose d&rsquo;une \u00e9cole de tennis compos\u00e9e de 12 profs dynamiques.<\/h3>\n\n\n\n<h3 class=\"wp-block-heading\">Les cours et les stages de tennis sont r\u00e9serv\u00e9s aux membres du TCCB en ordre de <a href=\"http:\/\/www.tcchevalblanc.be\/?page_id=34\">cotisation<\/a>.<\/h3>\n\n\n\n<p><\/p>\n\n\n\n<h3 class=\"wp-block-heading\"><strong>Pour tout renseignement: Xavier Schmitz <\/strong><em>0495\/464256<\/em><strong> ou <\/strong><em>courstccb<\/em>@gmail.com<\/h3>\n\n\n\n<p>Suivez aussi toute l&rsquo;actualit\u00e9 de l&rsquo;\u00e9cole de tennis via notre page Facebook: <strong><em>Ecole de tennis du Cheval Blanc<\/em><\/strong><\/p>\n\n\n\n<figure class=\"wp-block-image size-large\"><a href=\"http:\/\/www.tcchevalblanc.be\/wp-content\/uploads\/2022\/08\/Ecole-de-tennis-et-picto-V2.jpg\"><img loading=\"lazy\" decoding=\"async\" width=\"1297\" height=\"363\" src=\"http:\/\/www.tcchevalblanc.be\/wp-content\/uploads\/2022\/08\/Ecole-de-tennis-et-picto-V2-edited.jpg\" alt=\"\" class=\"wp-image-1718\" srcset=\"https:\/\/www.tcchevalblanc.be\/wp-content\/uploads\/2022\/08\/Ecole-de-tennis-et-picto-V2-edited.jpg 1297w, https:\/\/www.tcchevalblanc.be\/wp-content\/uploads\/2022\/08\/Ecole-de-tennis-et-picto-V2-edited-300x84.jpg 300w, https:\/\/www.tcchevalblanc.be\/wp-content\/uploads\/2022\/08\/Ecole-de-tennis-et-picto-V2-edited-1024x287.jpg 1024w, https:\/\/www.tcchevalblanc.be\/wp-content\/uploads\/2022\/08\/Ecole-de-tennis-et-picto-V2-edited-768x215.jpg 768w\" sizes=\"auto, (max-width: 1297px) 100vw, 1297px\" \/><\/a><\/figure>\n","protected":false},"excerpt":{"rendered":"<p>Le Tennis Club du Cheval Blanc dispose d&rsquo;une \u00e9cole de tennis compos\u00e9e de 12 profs dynamiques. Les cours et les stages de tennis sont r\u00e9serv\u00e9s aux membres du TCCB en ordre de cotisation. Pour tout renseignement: Xavier Schmitz 0495\/464256 ou courstccb@gmail.com Suivez aussi toute l&rsquo;actualit\u00e9 de l&rsquo;\u00e9cole de tennis via notre page Facebook: Ecole de &hellip; <a href=\"https:\/\/www.tcchevalblanc.be\/?page_id=391\" class=\"more-link\">Continuer la lecture de <span class=\"screen-reader-text\">Ecole de tennis<\/span>  <span class=\"meta-nav\">&rarr;<\/span><\/a><\/p>\n","protected":false},"author":1,"featured_media":0,"parent":0,"menu_order":0,"comment_status":"closed","ping_status":"open","template":"","meta":{"footnotes":""},"class_list":["post-391","page","type-page","status-publish","hentry"],"_links":{"self":[{"href":"https:\/\/www.tcchevalblanc.be\/index.php?rest_route=\/wp\/v2\/pages\/391","targetHints":{"allow":["GET"]}}],"collection":[{"href":"https:\/\/www.tcchevalblanc.be\/index.php?rest_route=\/wp\/v2\/pages"}],"about":[{"href":"https:\/\/www.tcchevalblanc.be\/index.php?rest_route=\/wp\/v2\/types\/page"}],"author":[{"embeddable":true,"href":"https:\/\/www.tcchevalblanc.be\/index.php?rest_route=\/wp\/v2\/users\/1"}],"replies":[{"embeddable":true,"href":"https:\/\/www.tcchevalblanc.be\/index.php?rest_route=%2Fwp%2Fv2%2Fcomments&post=391"}],"version-history":[{"count":20,"href":"https:\/\/www.tcchevalblanc.be\/index.php?rest_route=\/wp\/v2\/pages\/391\/revisions"}],"predecessor-version":[{"id":1721,"href":"https:\/\/www.tcchevalblanc.be\/index.php?rest_route=\/wp\/v2\/pages\/391\/revisions\/1721"}],"wp:attachment":[{"href":"https:\/\/www.tcchevalblanc.be\/index.php?rest_route=%2Fwp%2Fv2%2Fmedia&parent=391"}],"curies":[{"name":"wp","href":"https:\/\/api.w.org\/{rel}","templated":true}]}}