{"id":82,"date":"2014-05-20T14:20:51","date_gmt":"2014-05-20T13:20:51","guid":{"rendered":"http:\/\/www.tcchevalblanc.be?page_id=82"},"modified":"2026-03-30T21:34:19","modified_gmt":"2026-03-30T20:34:19","slug":"accueil","status":"publish","type":"page","link":"https:\/\/www.tcchevalblanc.be\/?page_id=82","title":{"rendered":"Pr\u00e9sentation du club"},"content":{"rendered":"<p><iframe loading=\"lazy\" title=\"Le Tennis Club du Cheval Blanc\" width=\"474\" height=\"267\" src=\"https:\/\/www.youtube.com\/embed\/0NRI04R7to0?feature=oembed\" frameborder=\"0\" allow=\"accelerometer; autoplay; clipboard-write; encrypted-media; gyroscope; picture-in-picture; web-share\" referrerpolicy=\"strict-origin-when-cross-origin\" allowfullscreen><\/iframe><\/p>\n<p>Le Tennis Club du Cheval Blanc a \u00e9t\u00e9 cr\u00e9\u00e9 en 1980. Il est situ\u00e9 Dr\u00e8ve de Maison Bois sur les hauteurs de Verviers. Il compte environ 350 membres et dispose de six terrains en brique, trois terrains synth\u00e9tiques ainsi qu&rsquo;un mini-tennis.<\/p>\n<div id='gallery-1' class='gallery galleryid-82 gallery-columns-3 gallery-size-thumbnail'><figure class='gallery-item'>\n\t\t\t<div class='gallery-icon landscape'>\n\t\t\t\t<a href='https:\/\/www.tcchevalblanc.be\/?attachment_id=1318'><img loading=\"lazy\" decoding=\"async\" width=\"150\" height=\"150\" src=\"https:\/\/www.tcchevalblanc.be\/wp-content\/uploads\/2022\/02\/Terrain-1-et-2-150x150.jpg\" class=\"attachment-thumbnail size-thumbnail\" alt=\"\" \/><\/a>\n\t\t\t<\/div><\/figure><figure class='gallery-item'>\n\t\t\t<div class='gallery-icon landscape'>\n\t\t\t\t<a href='https:\/\/www.tcchevalblanc.be\/?attachment_id=1319'><img loading=\"lazy\" decoding=\"async\" width=\"150\" height=\"150\" src=\"https:\/\/www.tcchevalblanc.be\/wp-content\/uploads\/2022\/02\/Terrain-3-et-4-150x150.jpg\" class=\"attachment-thumbnail size-thumbnail\" alt=\"\" \/><\/a>\n\t\t\t<\/div><\/figure><figure class='gallery-item'>\n\t\t\t<div class='gallery-icon landscape'>\n\t\t\t\t<a href='https:\/\/www.tcchevalblanc.be\/?attachment_id=1321'><img loading=\"lazy\" decoding=\"async\" width=\"150\" height=\"150\" src=\"https:\/\/www.tcchevalblanc.be\/wp-content\/uploads\/2022\/02\/Terrains-5-et-6-150x150.jpg\" class=\"attachment-thumbnail size-thumbnail\" alt=\"\" \/><\/a>\n\t\t\t<\/div><\/figure><figure class='gallery-item'>\n\t\t\t<div class='gallery-icon landscape'>\n\t\t\t\t<a href='https:\/\/www.tcchevalblanc.be\/?attachment_id=1320'><img loading=\"lazy\" decoding=\"async\" width=\"150\" height=\"150\" src=\"https:\/\/www.tcchevalblanc.be\/wp-content\/uploads\/2022\/02\/terrain-7-1-150x150.jpg\" class=\"attachment-thumbnail size-thumbnail\" alt=\"\" \/><\/a>\n\t\t\t<\/div><\/figure><figure class='gallery-item'>\n\t\t\t<div class='gallery-icon landscape'>\n\t\t\t\t<a href='https:\/\/www.tcchevalblanc.be\/?attachment_id=1328'><img loading=\"lazy\" decoding=\"async\" width=\"150\" height=\"150\" src=\"https:\/\/www.tcchevalblanc.be\/wp-content\/uploads\/2022\/02\/mini-tennis-1-150x150.jpg\" class=\"attachment-thumbnail size-thumbnail\" alt=\"\" srcset=\"https:\/\/www.tcchevalblanc.be\/wp-content\/uploads\/2022\/02\/mini-tennis-1-150x150.jpg 150w, https:\/\/www.tcchevalblanc.be\/wp-content\/uploads\/2022\/02\/mini-tennis-1-300x300.jpg 300w, https:\/\/www.tcchevalblanc.be\/wp-content\/uploads\/2022\/02\/mini-tennis-1-768x768.jpg 768w, https:\/\/www.tcchevalblanc.be\/wp-content\/uploads\/2022\/02\/mini-tennis-1.jpg 960w\" sizes=\"auto, (max-width: 150px) 100vw, 150px\" \/><\/a>\n\t\t\t<\/div><\/figure><figure class='gallery-item'>\n\t\t\t<div class='gallery-icon landscape'>\n\t\t\t\t<a href='https:\/\/www.tcchevalblanc.be\/?attachment_id=1330'><img loading=\"lazy\" decoding=\"async\" width=\"150\" height=\"150\" src=\"https:\/\/www.tcchevalblanc.be\/wp-content\/uploads\/2022\/02\/Terrain-8-150x150.jpg\" class=\"attachment-thumbnail size-thumbnail\" alt=\"\" \/><\/a>\n\t\t\t<\/div><\/figure>\n\t\t<\/div>\n\n<p style=\"text-align: left;\">Le club-house est ouvert toute la saison d&rsquo;\u00e9t\u00e9, de mi avril \u00e0 fin septembre. Il est install\u00e9 sur une bute, un emplacement qui permet d&rsquo;avoir une vue panoramique sur l&rsquo;ensemble des terrains. Il abrite des vestiaires ainsi qu&rsquo;une caf\u00e9t\u00e9ria et dispose d&rsquo;une v\u00e9randa. Il est entour\u00e9 de plusieurs terrasses o\u00f9 on peut admirer le spectacle offert sur les terrains ou profiter du soleil en se d\u00e9salt\u00e9rant.<\/p>\n<div id='gallery-2' class='gallery galleryid-82 gallery-columns-3 gallery-size-thumbnail'><figure class='gallery-item'>\n\t\t\t<div class='gallery-icon landscape'>\n\t\t\t\t<a href='https:\/\/www.tcchevalblanc.be\/?attachment_id=1316'><img loading=\"lazy\" decoding=\"async\" width=\"150\" height=\"150\" src=\"https:\/\/www.tcchevalblanc.be\/wp-content\/uploads\/2022\/02\/Club-House-2-150x150.jpg\" class=\"attachment-thumbnail size-thumbnail\" alt=\"\" \/><\/a>\n\t\t\t<\/div><\/figure><figure class='gallery-item'>\n\t\t\t<div class='gallery-icon landscape'>\n\t\t\t\t<a href='https:\/\/www.tcchevalblanc.be\/?attachment_id=1322'><img loading=\"lazy\" decoding=\"async\" width=\"150\" height=\"150\" src=\"https:\/\/www.tcchevalblanc.be\/wp-content\/uploads\/2022\/02\/Terrasse-1-1-150x150.jpg\" class=\"attachment-thumbnail size-thumbnail\" alt=\"\" \/><\/a>\n\t\t\t<\/div><\/figure><figure class='gallery-item'>\n\t\t\t<div class='gallery-icon landscape'>\n\t\t\t\t<a href='https:\/\/www.tcchevalblanc.be\/?attachment_id=1323'><img loading=\"lazy\" decoding=\"async\" width=\"150\" height=\"150\" src=\"https:\/\/www.tcchevalblanc.be\/wp-content\/uploads\/2022\/02\/Terrasse-2-150x150.jpg\" class=\"attachment-thumbnail size-thumbnail\" alt=\"\" \/><\/a>\n\t\t\t<\/div><\/figure>\n\t\t<\/div>\n\n\n\n<p>Pour tout renseignement \u00e0 propos de notre club, vous pouvez envoyer un mail \u00e0: <strong><em>secretaire.tccb@gmail.com<\/em><\/strong><\/p>\n","protected":false},"excerpt":{"rendered":"<p>Le Tennis Club du Cheval Blanc a \u00e9t\u00e9 cr\u00e9\u00e9 en 1980. Il est situ\u00e9 Dr\u00e8ve de Maison Bois sur les hauteurs de Verviers. Il compte environ 350 membres et dispose de six terrains en brique, trois terrains synth\u00e9tiques ainsi qu&rsquo;un mini-tennis. Le club-house est ouvert toute la saison d&rsquo;\u00e9t\u00e9, de mi avril \u00e0 fin septembre. &hellip; <a href=\"https:\/\/www.tcchevalblanc.be\/?page_id=82\" class=\"more-link\">Continuer la lecture de <span class=\"screen-reader-text\">Pr\u00e9sentation du club<\/span>  <span class=\"meta-nav\">&rarr;<\/span><\/a><\/p>\n","protected":false},"author":2,"featured_media":0,"parent":0,"menu_order":0,"comment_status":"closed","ping_status":"open","template":"","meta":{"footnotes":""},"class_list":["post-82","page","type-page","status-publish","hentry"],"_links":{"self":[{"href":"https:\/\/www.tcchevalblanc.be\/index.php?rest_route=\/wp\/v2\/pages\/82","targetHints":{"allow":["GET"]}}],"collection":[{"href":"https:\/\/www.tcchevalblanc.be\/index.php?rest_route=\/wp\/v2\/pages"}],"about":[{"href":"https:\/\/www.tcchevalblanc.be\/index.php?rest_route=\/wp\/v2\/types\/page"}],"author":[{"embeddable":true,"href":"https:\/\/www.tcchevalblanc.be\/index.php?rest_route=\/wp\/v2\/users\/2"}],"replies":[{"embeddable":true,"href":"https:\/\/www.tcchevalblanc.be\/index.php?rest_route=%2Fwp%2Fv2%2Fcomments&post=82"}],"version-history":[{"count":139,"href":"https:\/\/www.tcchevalblanc.be\/index.php?rest_route=\/wp\/v2\/pages\/82\/revisions"}],"predecessor-version":[{"id":2014,"href":"https:\/\/www.tcchevalblanc.be\/index.php?rest_route=\/wp\/v2\/pages\/82\/revisions\/2014"}],"wp:attachment":[{"href":"https:\/\/www.tcchevalblanc.be\/index.php?rest_route=%2Fwp%2Fv2%2Fmedia&parent=82"}],"curies":[{"name":"wp","href":"https:\/\/api.w.org\/{rel}","templated":true}]}}